{"id":1754,"date":"2018-10-05T16:16:59","date_gmt":"2018-10-05T16:16:59","guid":{"rendered":"https:\/\/sanemix.com.br\/site\/?page_id=1754"},"modified":"2018-10-05T16:16:59","modified_gmt":"2018-10-05T16:16:59","slug":"profissionais-especializados","status":"publish","type":"page","link":"https:\/\/sanemix.com.br\/site\/profissionais-especializados\/","title":{"rendered":"Profissionais especializados"},"content":{"rendered":"<h1>Equipe Multidisciplinar<\/h1>\n<p>Equipe<strong> multidisciplinar<\/strong>\u00a0composta por profissionais de diversas \u00e1reas que se completam para o desenvolvimento de servi\u00e7os de alta qualidade.<\/p>\n<p>A Sanemix tem fornecido solu\u00e7\u00f5es inovadoras para servi\u00e7os de saneamento a clientes residenciais e comerciais, h\u00e1 mais de 30 anos. O t\u00e9cnico da Sanemix ir\u00e1 investigar e identificar a origem do seu problema e n\u00e3o apenas tratar o problema. Tal tarefa requer uma pessoa com um excelente n\u00edvel de forma\u00e7\u00e3o que compreenda cada caso.<\/p>\n<p>Vai trabalhar com a empresa mais avan\u00e7ada a n\u00edvel t\u00e9cnico em controle de pragas.<\/p>\n<h2>Servi\u00e7os e tratamentos<\/h2>\n<p>As pragas s\u00e3o criaturas com elevada capacidade de adapta\u00e7\u00e3o e em constante evolu\u00e7\u00e3o. Como tal, a investiga\u00e7\u00e3o e o desenvolvimento s\u00e3o a chave para nos manter um passo \u00e0 frente de todas estas criaturas que podem causar problemas em casas e empresas.<\/p>\n<p>O trabalho da Sanemix global \u00e9 conduzido pelas diferentes solicita\u00e7\u00f5es que nossos clientes nos trazem.<\/p>\n<p>Quando as empresas do setor de alimentos e farmac\u00eautico chegam at\u00e9 n\u00f3s com requisitos espec\u00edficos, desenvolvemos servi\u00e7os de alta qualidade com tecnologia inovadora e inteligente, assim como solu\u00e7\u00f5es n\u00e3o-t\u00f3xicas, para fornecer a prote\u00e7\u00e3o necess\u00e1ria e adequada \u00e0s suas exig\u00eancias.<\/p>\n<h2>Nossos t\u00e9cnicos de servi\u00e7o<\/h2>\n<p>Os t\u00e9cnicos de controle de pragas da Sanemix s\u00e3o profissionais qualificados que participam regularmente de programas de forma\u00e7\u00e3o para manter-se atualziados.<\/p>\n<p>Os t\u00e9cnicos de servi\u00e7o da Sanemix prestam servi\u00e7os de controle de pragas em empresas de todas as setores, desde uma pizzaria local at\u00e9 a ind\u00fastria de alimentos multinacional. Nossos t\u00e9cnicos trabalham no sentido de desenvolver parcerias com os clientes, aconselhando-os sobre como evitar poblemas com pragas. Em clientes residenciais, nossos t\u00e9cnicos fornecem um servi\u00e7o de elevada qualidade que tem sempre a seguran\u00e7a de crian\u00e7as e de animais de estima\u00e7\u00e3o como prioridade.<\/p>\n<h2>Supervisores de servi\u00e7os<\/h2>\n<p>Supervisores de servi\u00e7os s\u00e3o parte integrante da nossa equipe, todos os esfor\u00e7os s\u00e3o para oferecer a melhor qualidade nos servi\u00e7os. Todo o time de supervisores tem elevado conhecimeno em controle de pragas e passaram por v\u00e1rias forma\u00e7\u00f5es e v\u00e1rios anos de servi\u00e7o na nossa empresa.<\/p>\n<p>Nossos supervisores avaliam continuamente a produtividade de suas equipes e procuram melhorias constantes em todas as \u00e1reas dos servi\u00e7os. Trabalham arduamente para promover e refor\u00e7ar as rela\u00e7\u00f5es com o cliente e ajudar a dar resposta \u00e0s suas necessidades.<\/p>\n<h2>Gestores de servi\u00e7os<\/h2>\n<p>S\u00e3o especialistas na realiza\u00e7\u00e3o de inspe\u00e7\u00f5es detalhadas que permitem chegar \u00e0 raiz do problema, fornecendo recomenda\u00e7\u00f5es pr\u00e1ticas para lidar com a situa\u00e7\u00e3o.<\/p>\n<p>O gestores da Sanemix s\u00e3o particularmente valorizados pelas empresas da ind\u00fastria de alimentos e da ind\u00fastria farmac\u00eautica, proporcionando-lhes um elevado n\u00edvel de prote\u00e7\u00e3o e garantias.<\/p>\n","protected":false},"excerpt":{"rendered":"<p>Equipe Multidisciplinar Equipe multidisciplinar\u00a0composta por profissionais de diversas \u00e1reas que se completam para o desenvolvimento de servi\u00e7os de alta qualidade. A Sanemix tem fornecido solu\u00e7\u00f5es inovadoras para servi\u00e7os de saneamento a clientes residenciais e comerciais, h\u00e1 mais de 30 anos. O t\u00e9cnico da Sanemix ir\u00e1 investigar e identificar a origem do seu problema e n\u00e3o [&hellip;]<\/p>\n","protected":false},"author":3,"featured_media":0,"parent":0,"menu_order":0,"comment_status":"closed","ping_status":"closed","template":"","meta":[],"_links":{"self":[{"href":"https:\/\/sanemix.com.br\/site\/wp-json\/wp\/v2\/pages\/1754"}],"collection":[{"href":"https:\/\/sanemix.com.br\/site\/wp-json\/wp\/v2\/pages"}],"about":[{"href":"https:\/\/sanemix.com.br\/site\/wp-json\/wp\/v2\/types\/page"}],"author":[{"embeddable":true,"href":"https:\/\/sanemix.com.br\/site\/wp-json\/wp\/v2\/users\/3"}],"replies":[{"embeddable":true,"href":"https:\/\/sanemix.com.br\/site\/wp-json\/wp\/v2\/comments?post=1754"}],"version-history":[{"count":0,"href":"https:\/\/sanemix.com.br\/site\/wp-json\/wp\/v2\/pages\/1754\/revisions"}],"wp:attachment":[{"href":"https:\/\/sanemix.com.br\/site\/wp-json\/wp\/v2\/media?parent=1754"}],"curies":[{"name":"wp","href":"https:\/\/api.w.org\/{rel}","templated":true}]}}